{"id":199,"date":"2026-04-12T20:10:55","date_gmt":"2026-04-12T20:10:55","guid":{"rendered":"https:\/\/pharma95.net\/?page_id=199"},"modified":"2026-04-15T21:12:45","modified_gmt":"2026-04-15T21:12:45","slug":"univers-gammes","status":"publish","type":"page","link":"https:\/\/pharma95.net\/index.php\/univers-gammes\/","title":{"rendered":"Univers &#038; Gammes"},"content":{"rendered":"\n<div class=\"wp-block-cover alignfull\" style=\"padding-top:2%;min-height:30rem;aspect-ratio:unset;\"><img loading=\"lazy\" decoding=\"async\" width=\"1024\" height=\"614\" class=\"wp-block-cover__image-background wp-image-70 size-large\" alt=\"\" src=\"http:\/\/pharma95.net\/wp-content\/uploads\/2025\/12\/cropped-pharmacie_02-2000x1200-1-1024x614.jpg\" data-object-fit=\"cover\" srcset=\"https:\/\/pharma95.net\/wp-content\/uploads\/2025\/12\/cropped-pharmacie_02-2000x1200-1-1024x614.jpg 1024w, https:\/\/pharma95.net\/wp-content\/uploads\/2025\/12\/cropped-pharmacie_02-2000x1200-1-300x180.jpg 300w, https:\/\/pharma95.net\/wp-content\/uploads\/2025\/12\/cropped-pharmacie_02-2000x1200-1-768x461.jpg 768w, https:\/\/pharma95.net\/wp-content\/uploads\/2025\/12\/cropped-pharmacie_02-2000x1200-1-1536x922.jpg 1536w, https:\/\/pharma95.net\/wp-content\/uploads\/2025\/12\/cropped-pharmacie_02-2000x1200-1-600x360.jpg 600w, https:\/\/pharma95.net\/wp-content\/uploads\/2025\/12\/cropped-pharmacie_02-2000x1200-1.jpg 2000w\" sizes=\"auto, (max-width: 1024px) 100vw, 1024px\" \/><span aria-hidden=\"true\" class=\"wp-block-cover__background has-background-dim-0 has-background-dim\" style=\"background-color:#727872\"><\/span><div class=\"wp-block-cover__inner-container has-global-padding is-layout-constrained wp-container-core-cover-is-layout-ee51f2d2 wp-block-cover-is-layout-constrained\">\n<div class=\"wp-block-group alignwide is-vertical is-content-justification-center is-layout-flex wp-container-core-group-is-layout-5e763914 wp-block-group-is-layout-flex\" style=\"min-height:8rem\">\n<div class=\"wp-block-group has-global-padding is-layout-constrained wp-container-core-group-is-layout-bea02a06 wp-block-group-is-layout-constrained\">\n<h2 class=\"wp-block-heading has-text-align-center has-text-color\" style=\"color:#ffffff;margin-top:0rem;margin-bottom:1.01rem;font-size:clamp(2.071rem, 2.071rem + ((1vw - 0.2rem) * 2.98), 3.71rem);font-style:normal;font-weight:400;line-height:1;text-transform:capitalize\">Univers &amp; Gammes<\/h2>\n<\/div>\n<\/div>\n<\/div><\/div>\n\n\n\n<div class=\"wp-block-group alignfull has-background has-global-padding is-layout-constrained wp-container-core-group-is-layout-1257c590 wp-block-group-is-layout-constrained\" style=\"background-color:#f5f8f5;margin-top:0;margin-bottom:0;padding-top:5.51rem;padding-right:1rem;padding-bottom:3rem;padding-left:1rem\">\n<div class=\"wp-block-group alignwide has-global-padding is-layout-constrained wp-block-group-is-layout-constrained\" style=\"padding-bottom:1rem\">\n<h2 class=\"wp-block-heading has-text-align-center has-text-color\" style=\"color:#768667;font-size:clamp(1.556rem, 1.556rem + ((1vw - 0.2rem) * 1.916), 2.61rem);font-style:normal;font-weight:600;line-height:1.5;text-transform:capitalize\">NOS UNIVERS<\/h2>\n<\/div>\n\n\n\n<div class=\"wp-block-group alignwide has-global-padding is-layout-constrained wp-container-core-group-is-layout-1cf432e6 wp-block-group-is-layout-constrained\" style=\"margin-top:1.01rem\">\n<div class=\"wp-block-columns alignwide is-layout-flex wp-container-core-columns-is-layout-85231905 wp-block-columns-is-layout-flex\">\n<div class=\"wp-block-column has-global-padding is-content-justification-center is-layout-constrained wp-container-core-column-is-layout-412b4476 wp-block-column-is-layout-constrained\" style=\"padding-bottom:2rem\">\n<div class=\"wp-block-group has-global-padding is-layout-constrained wp-container-core-group-is-layout-668d2085 wp-block-group-is-layout-constrained\">\n<figure class=\"wp-block-image aligncenter size-full is-resized\"><img loading=\"lazy\" decoding=\"async\" width=\"1707\" height=\"2560\" src=\"https:\/\/pharma95.net\/wp-content\/uploads\/2026\/04\/pexels-cottonbro-5858861-scaled.jpg\" alt=\"\" class=\"wp-image-225\" style=\"width:290px\" srcset=\"https:\/\/pharma95.net\/wp-content\/uploads\/2026\/04\/pexels-cottonbro-5858861-scaled.jpg 1707w, https:\/\/pharma95.net\/wp-content\/uploads\/2026\/04\/pexels-cottonbro-5858861-200x300.jpg 200w, https:\/\/pharma95.net\/wp-content\/uploads\/2026\/04\/pexels-cottonbro-5858861-683x1024.jpg 683w, https:\/\/pharma95.net\/wp-content\/uploads\/2026\/04\/pexels-cottonbro-5858861-768x1152.jpg 768w, https:\/\/pharma95.net\/wp-content\/uploads\/2026\/04\/pexels-cottonbro-5858861-1024x1536.jpg 1024w, https:\/\/pharma95.net\/wp-content\/uploads\/2026\/04\/pexels-cottonbro-5858861-1365x2048.jpg 1365w, https:\/\/pharma95.net\/wp-content\/uploads\/2026\/04\/pexels-cottonbro-5858861-600x900.jpg 600w\" sizes=\"auto, (max-width: 1707px) 100vw, 1707px\" \/><\/figure>\n\n\n\n<h5 class=\"wp-block-heading has-text-align-center has-text-color\" style=\"color:#768667;font-size:clamp(1.044rem, 1.044rem + ((1vw - 0.2rem) * 1.029), 1.61rem);font-style:normal;font-weight:600;line-height:1.4;text-transform:capitalize\">Quotidien<\/h5>\n<\/div>\n\n\n\n<div class=\"wp-block-group has-global-padding is-layout-constrained wp-container-core-group-is-layout-4f9f0532 wp-block-group-is-layout-constrained\">\n<ul class=\"wp-block-list\">\n<li class=\"has-text-color has-link-color wp-elements-c377c2d9a3a89f38408995840d83b093\" style=\"color:#7c7878\">Compl\u00e9ments alimentaires<\/li>\n\n\n\n<li class=\"has-text-color has-link-color wp-elements-a8fe59ff86d6984b1113ba5932969600\" style=\"color:#7c7878\">Douleurs<\/li>\n\n\n\n<li class=\"has-text-color has-link-color wp-elements-9ff49ec0d65f65a21f29086b1602cdb9\" style=\"color:#7c7878\">Fatigue<\/li>\n\n\n\n<li class=\"has-text-color has-link-color wp-elements-f13ad7e7502e57d6dcd9ce939d6bb9b5\" style=\"color:#7c7878\">Rhume, toux<\/li>\n\n\n\n<li class=\"has-text-color has-link-color wp-elements-b435f1d836cd7817fcd14c45929467d1\" style=\"color:#7c7878\">Maux de gorge<\/li>\n\n\n\n<li class=\"has-text-color has-link-color wp-elements-e12ffa58002b90793119afab4a1f444f\" style=\"color:#7c7878\">Allergies<\/li>\n<\/ul>\n<\/div>\n<\/div>\n\n\n\n<div class=\"wp-block-column has-global-padding is-layout-constrained wp-container-core-column-is-layout-a3af4fe5 wp-block-column-is-layout-constrained\" style=\"padding-bottom:2rem\">\n<div class=\"wp-block-group has-global-padding is-layout-constrained wp-container-core-group-is-layout-668d2085 wp-block-group-is-layout-constrained\">\n<figure class=\"wp-block-image aligncenter size-full is-resized\"><img loading=\"lazy\" decoding=\"async\" width=\"1707\" height=\"2560\" src=\"https:\/\/pharma95.net\/wp-content\/uploads\/2026\/04\/pexels-william-fortunato-6393387-scaled.jpg\" alt=\"\" class=\"wp-image-221\" style=\"width:290px\" srcset=\"https:\/\/pharma95.net\/wp-content\/uploads\/2026\/04\/pexels-william-fortunato-6393387-scaled.jpg 1707w, https:\/\/pharma95.net\/wp-content\/uploads\/2026\/04\/pexels-william-fortunato-6393387-200x300.jpg 200w, https:\/\/pharma95.net\/wp-content\/uploads\/2026\/04\/pexels-william-fortunato-6393387-683x1024.jpg 683w, https:\/\/pharma95.net\/wp-content\/uploads\/2026\/04\/pexels-william-fortunato-6393387-768x1152.jpg 768w, https:\/\/pharma95.net\/wp-content\/uploads\/2026\/04\/pexels-william-fortunato-6393387-1024x1536.jpg 1024w, https:\/\/pharma95.net\/wp-content\/uploads\/2026\/04\/pexels-william-fortunato-6393387-1365x2048.jpg 1365w, https:\/\/pharma95.net\/wp-content\/uploads\/2026\/04\/pexels-william-fortunato-6393387-600x900.jpg 600w\" sizes=\"auto, (max-width: 1707px) 100vw, 1707px\" \/><\/figure>\n\n\n\n<h5 class=\"wp-block-heading has-text-align-center has-text-color\" style=\"color:#768667;font-size:clamp(1.044rem, 1.044rem + ((1vw - 0.2rem) * 1.029), 1.61rem);font-style:normal;font-weight:600;line-height:1.4;text-transform:capitalize\">B\u00e9b\u00e9<\/h5>\n<\/div>\n\n\n\n<div class=\"wp-block-group has-global-padding is-layout-constrained wp-container-core-group-is-layout-4f9f0532 wp-block-group-is-layout-constrained\">\n<ul class=\"wp-block-list\">\n<li class=\"has-text-color has-link-color wp-elements-c502ab72c5a72e5339bf9348098515a5\" style=\"color:#7c7878\">Laits infantiles<\/li>\n\n\n\n<li class=\"has-text-color has-link-color wp-elements-3cb90d9d5c6c8a9bd226b388b73b6fac\" style=\"color:#7c7878\">Hygi\u00e8ne et soins<\/li>\n\n\n\n<li class=\"has-text-color has-link-color wp-elements-54c03289eb26068ab7ccf993314c66e9\" style=\"color:#7c7878\">Grossesse<\/li>\n\n\n\n<li class=\"has-text-color has-link-color wp-elements-72ca99024f86dd218f5ecb80c320142b\" style=\"color:#7c7878\">Allaitement<\/li>\n\n\n\n<li class=\"has-text-color has-link-color wp-elements-5957f541454ca33ed2a06b6da7f393e4\" style=\"color:#7c7878\">Accessoires<\/li>\n<\/ul>\n<\/div>\n<\/div>\n\n\n\n<div class=\"wp-block-column has-global-padding is-content-justification-center is-layout-constrained wp-container-core-column-is-layout-412b4476 wp-block-column-is-layout-constrained\" style=\"padding-bottom:2rem\">\n<div class=\"wp-block-group has-global-padding is-layout-constrained wp-container-core-group-is-layout-668d2085 wp-block-group-is-layout-constrained\">\n<figure class=\"wp-block-image aligncenter size-full is-resized\"><img loading=\"lazy\" decoding=\"async\" width=\"1707\" height=\"2560\" src=\"https:\/\/pharma95.net\/wp-content\/uploads\/2026\/04\/pexels-shvetsa-5682924-scaled.jpg\" alt=\"\" class=\"wp-image-224\" style=\"width:290px\" srcset=\"https:\/\/pharma95.net\/wp-content\/uploads\/2026\/04\/pexels-shvetsa-5682924-scaled.jpg 1707w, https:\/\/pharma95.net\/wp-content\/uploads\/2026\/04\/pexels-shvetsa-5682924-200x300.jpg 200w, https:\/\/pharma95.net\/wp-content\/uploads\/2026\/04\/pexels-shvetsa-5682924-683x1024.jpg 683w, https:\/\/pharma95.net\/wp-content\/uploads\/2026\/04\/pexels-shvetsa-5682924-768x1152.jpg 768w, https:\/\/pharma95.net\/wp-content\/uploads\/2026\/04\/pexels-shvetsa-5682924-1024x1536.jpg 1024w, https:\/\/pharma95.net\/wp-content\/uploads\/2026\/04\/pexels-shvetsa-5682924-1365x2048.jpg 1365w, https:\/\/pharma95.net\/wp-content\/uploads\/2026\/04\/pexels-shvetsa-5682924-600x900.jpg 600w\" sizes=\"auto, (max-width: 1707px) 100vw, 1707px\" \/><\/figure>\n\n\n\n<h5 class=\"wp-block-heading has-text-align-center has-text-color\" style=\"color:#768667;font-size:clamp(1.044rem, 1.044rem + ((1vw - 0.2rem) * 1.029), 1.61rem);font-style:normal;font-weight:600;line-height:1.4;text-transform:capitalize\">Bien-\u00catre<\/h5>\n<\/div>\n\n\n\n<div class=\"wp-block-group has-global-padding is-layout-constrained wp-container-core-group-is-layout-4f9f0532 wp-block-group-is-layout-constrained\">\n<ul class=\"wp-block-list\">\n<li class=\"has-text-color has-link-color wp-elements-14f1dc9cdd6ebf7466adac674f24b519\" style=\"color:#7c7878\">Plantes &amp; extraits naturels<\/li>\n\n\n\n<li class=\"has-text-color has-link-color wp-elements-79a93e09d087ce76f3c03ac33dab601a\" style=\"color:#7c7878\">Phytoth\u00e9rapie<\/li>\n\n\n\n<li class=\"has-text-color has-link-color wp-elements-ac931c49bd9221470101452a52f8cb18\" style=\"color:#7c7878\">Aromath\u00e9rapie<\/li>\n\n\n\n<li class=\"has-text-color has-link-color wp-elements-2c65234bd3272b2c37c2809516829249\" style=\"color:#7c7878\">Hom\u00e9opathie<\/li>\n<\/ul>\n<\/div>\n<\/div>\n\n\n\n<div class=\"wp-block-column has-global-padding is-content-justification-center is-layout-constrained wp-container-core-column-is-layout-412b4476 wp-block-column-is-layout-constrained\" style=\"padding-bottom:2rem\">\n<div class=\"wp-block-group has-global-padding is-layout-constrained wp-container-core-group-is-layout-668d2085 wp-block-group-is-layout-constrained\">\n<figure class=\"wp-block-image aligncenter size-full is-resized\"><img loading=\"lazy\" decoding=\"async\" width=\"1708\" height=\"2560\" src=\"https:\/\/pharma95.net\/wp-content\/uploads\/2026\/04\/pexels-polina-kovaleva-6543125-scaled.jpg\" alt=\"\" class=\"wp-image-222\" style=\"width:290px\" srcset=\"https:\/\/pharma95.net\/wp-content\/uploads\/2026\/04\/pexels-polina-kovaleva-6543125-scaled.jpg 1708w, https:\/\/pharma95.net\/wp-content\/uploads\/2026\/04\/pexels-polina-kovaleva-6543125-200x300.jpg 200w, https:\/\/pharma95.net\/wp-content\/uploads\/2026\/04\/pexels-polina-kovaleva-6543125-683x1024.jpg 683w, https:\/\/pharma95.net\/wp-content\/uploads\/2026\/04\/pexels-polina-kovaleva-6543125-768x1151.jpg 768w, https:\/\/pharma95.net\/wp-content\/uploads\/2026\/04\/pexels-polina-kovaleva-6543125-1025x1536.jpg 1025w, https:\/\/pharma95.net\/wp-content\/uploads\/2026\/04\/pexels-polina-kovaleva-6543125-1367x2048.jpg 1367w, https:\/\/pharma95.net\/wp-content\/uploads\/2026\/04\/pexels-polina-kovaleva-6543125-600x899.jpg 600w\" sizes=\"auto, (max-width: 1708px) 100vw, 1708px\" \/><\/figure>\n\n\n\n<h5 class=\"wp-block-heading has-text-align-center has-text-color\" style=\"color:#768667;font-size:clamp(1.044rem, 1.044rem + ((1vw - 0.2rem) * 1.029), 1.61rem);font-style:normal;font-weight:600;line-height:1.4;text-transform:capitalize\">Beaut\u00e9<\/h5>\n<\/div>\n\n\n\n<div class=\"wp-block-group has-global-padding is-layout-constrained wp-container-core-group-is-layout-4f9f0532 wp-block-group-is-layout-constrained\">\n<ul class=\"wp-block-list\">\n<li class=\"has-text-color has-link-color wp-elements-519313f21a0460f6ade4051ed0626c91\" style=\"color:#7c7878\">Routines de soins visage et corps <\/li>\n\n\n\n<li class=\"has-text-color has-link-color wp-elements-5902484bb97bdfb45282a71a2c64c853\" style=\"color:#7c7878\">Serums<\/li>\n\n\n\n<li class=\"has-text-color has-link-color wp-elements-81e4aa3408ade3c667fa214b01613513\" style=\"color:#7c7878\">Dermo-cosm\u00e9tique<\/li>\n\n\n\n<li class=\"has-text-color has-link-color wp-elements-e3545cb387787b83ab0596d295005a88\" style=\"color:#7c7878\">Maquillage<\/li>\n\n\n\n<li class=\"has-text-color has-link-color wp-elements-b9ca415155a79712ded0db749db133bc\" style=\"color:#7c7878\">Eaux thermales<\/li>\n<\/ul>\n<\/div>\n<\/div>\n<\/div>\n<\/div>\n<\/div>\n\n\n\n<h2 class=\"wp-block-heading has-text-align-center has-text-color has-background has-link-color wp-elements-74fdb5c7209153409edbd3d87d65519f\" style=\"color:#768667;background-color:#ffffff\">NOS GAMMES<\/h2>\n\n\n\n<p class=\"has-text-align-center has-text-color has-link-color wp-elements-5bf7b27ba79a66eefb4a685c565c88a2\" style=\"color:#7c7878\">S\u00e9lectionn\u00e9es avec soin pour r\u00e9pondre \u00e0 chacun de vos besoins.<\/p>\n\n\n\n<hr class=\"wp-block-separator has-alpha-channel-opacity\"\/>\n\n\n\n<div class=\"wp-block-columns alignwide are-vertically-aligned-center is-layout-flex wp-container-core-columns-is-layout-28f84493 wp-block-columns-is-layout-flex\">\n<div class=\"wp-block-column is-vertically-aligned-center is-layout-flow wp-block-column-is-layout-flow\">\n<figure class=\"wp-block-image aligncenter size-full is-resized\"><img loading=\"lazy\" decoding=\"async\" width=\"744\" height=\"206\" src=\"http:\/\/pharma95.net\/wp-content\/uploads\/2026\/04\/Capture-decran-2026-04-10-a-19.44.26.png\" alt=\"\" class=\"wp-image-203\" style=\"aspect-ratio:3.6119929453262785;width:235px;height:auto\" srcset=\"https:\/\/pharma95.net\/wp-content\/uploads\/2026\/04\/Capture-decran-2026-04-10-a-19.44.26.png 744w, https:\/\/pharma95.net\/wp-content\/uploads\/2026\/04\/Capture-decran-2026-04-10-a-19.44.26-300x83.png 300w, https:\/\/pharma95.net\/wp-content\/uploads\/2026\/04\/Capture-decran-2026-04-10-a-19.44.26-600x166.png 600w\" sizes=\"auto, (max-width: 744px) 100vw, 744px\" \/><\/figure>\n<\/div>\n\n\n\n<div class=\"wp-block-column is-vertically-aligned-center is-layout-flow wp-block-column-is-layout-flow\">\n<figure class=\"wp-block-image aligncenter size-full is-resized\"><img loading=\"lazy\" decoding=\"async\" width=\"352\" height=\"176\" src=\"http:\/\/pharma95.net\/wp-content\/uploads\/2026\/04\/Capture-decran-2026-04-10-a-19.39.50.png\" alt=\"\" class=\"wp-image-201\" style=\"width:279px;height:auto\" srcset=\"https:\/\/pharma95.net\/wp-content\/uploads\/2026\/04\/Capture-decran-2026-04-10-a-19.39.50.png 352w, https:\/\/pharma95.net\/wp-content\/uploads\/2026\/04\/Capture-decran-2026-04-10-a-19.39.50-300x150.png 300w\" sizes=\"auto, (max-width: 352px) 100vw, 352px\" \/><\/figure>\n<\/div>\n\n\n\n<div class=\"wp-block-column is-vertically-aligned-center is-layout-flow wp-block-column-is-layout-flow\">\n<figure class=\"wp-block-image aligncenter size-full is-resized\"><img loading=\"lazy\" decoding=\"async\" width=\"724\" height=\"280\" src=\"http:\/\/pharma95.net\/wp-content\/uploads\/2026\/04\/Capture-decran-2026-04-10-a-19.55.17.png\" alt=\"\" class=\"wp-image-209\" style=\"aspect-ratio:2.585858585858586;width:220px;height:auto\" srcset=\"https:\/\/pharma95.net\/wp-content\/uploads\/2026\/04\/Capture-decran-2026-04-10-a-19.55.17.png 724w, https:\/\/pharma95.net\/wp-content\/uploads\/2026\/04\/Capture-decran-2026-04-10-a-19.55.17-300x116.png 300w, https:\/\/pharma95.net\/wp-content\/uploads\/2026\/04\/Capture-decran-2026-04-10-a-19.55.17-600x232.png 600w\" sizes=\"auto, (max-width: 724px) 100vw, 724px\" \/><\/figure>\n<\/div>\n<\/div>\n\n\n\n<div class=\"wp-block-columns alignwide is-layout-flex wp-container-core-columns-is-layout-28f84493 wp-block-columns-is-layout-flex\">\n<div class=\"wp-block-column is-layout-flow wp-block-column-is-layout-flow\">\n<figure class=\"wp-block-image aligncenter size-full is-resized\"><img loading=\"lazy\" decoding=\"async\" width=\"532\" height=\"268\" src=\"http:\/\/pharma95.net\/wp-content\/uploads\/2026\/04\/Capture-decran-2026-04-10-a-19.51.47.png\" alt=\"\" class=\"wp-image-207\" style=\"aspect-ratio:1.9851373182552503;width:236px;height:auto\" srcset=\"https:\/\/pharma95.net\/wp-content\/uploads\/2026\/04\/Capture-decran-2026-04-10-a-19.51.47.png 532w, https:\/\/pharma95.net\/wp-content\/uploads\/2026\/04\/Capture-decran-2026-04-10-a-19.51.47-300x151.png 300w\" sizes=\"auto, (max-width: 532px) 100vw, 532px\" \/><\/figure>\n<\/div>\n\n\n\n<div class=\"wp-block-column is-vertically-aligned-center is-layout-flow wp-block-column-is-layout-flow\">\n<figure class=\"wp-block-image aligncenter size-full is-resized\"><img loading=\"lazy\" decoding=\"async\" width=\"416\" height=\"112\" src=\"http:\/\/pharma95.net\/wp-content\/uploads\/2026\/04\/Capture-decran-2026-04-10-a-19.46.15-1.png\" alt=\"\" class=\"wp-image-208\" style=\"aspect-ratio:3.7146311970979444;width:349px;height:auto\" srcset=\"https:\/\/pharma95.net\/wp-content\/uploads\/2026\/04\/Capture-decran-2026-04-10-a-19.46.15-1.png 416w, https:\/\/pharma95.net\/wp-content\/uploads\/2026\/04\/Capture-decran-2026-04-10-a-19.46.15-1-300x81.png 300w\" sizes=\"auto, (max-width: 416px) 100vw, 416px\" \/><\/figure>\n<\/div>\n\n\n\n<div class=\"wp-block-column is-vertically-aligned-center is-layout-flow wp-block-column-is-layout-flow\">\n<figure class=\"wp-block-image aligncenter size-full is-resized\"><img loading=\"lazy\" decoding=\"async\" width=\"206\" height=\"64\" src=\"http:\/\/pharma95.net\/wp-content\/uploads\/2026\/04\/Capture-decran-2026-04-10-a-19.58.25.png\" alt=\"\" class=\"wp-image-210\" style=\"aspect-ratio:3.218908891026522;width:229px;height:auto\"\/><\/figure>\n<\/div>\n<\/div>\n\n\n\n<div class=\"wp-block-columns alignwide are-vertically-aligned-center is-layout-flex wp-container-core-columns-is-layout-28f84493 wp-block-columns-is-layout-flex\">\n<div class=\"wp-block-column is-vertically-aligned-center is-layout-flow wp-block-column-is-layout-flow\">\n<figure class=\"wp-block-image aligncenter size-full is-resized\"><img loading=\"lazy\" decoding=\"async\" width=\"432\" height=\"160\" src=\"http:\/\/pharma95.net\/wp-content\/uploads\/2026\/04\/Capture-decran-2026-04-10-a-19.40.56.png\" alt=\"\" class=\"wp-image-202\" style=\"aspect-ratio:2.7000659195781145;width:246px;height:auto\" srcset=\"https:\/\/pharma95.net\/wp-content\/uploads\/2026\/04\/Capture-decran-2026-04-10-a-19.40.56.png 432w, https:\/\/pharma95.net\/wp-content\/uploads\/2026\/04\/Capture-decran-2026-04-10-a-19.40.56-300x111.png 300w\" sizes=\"auto, (max-width: 432px) 100vw, 432px\" \/><\/figure>\n<\/div>\n\n\n\n<div class=\"wp-block-column is-vertically-aligned-center is-layout-flow wp-block-column-is-layout-flow\">\n<figure class=\"wp-block-image aligncenter size-large is-resized\"><img loading=\"lazy\" decoding=\"async\" width=\"1024\" height=\"471\" src=\"http:\/\/pharma95.net\/wp-content\/uploads\/2026\/04\/Capture-decran-2026-04-10-a-19.36.14-1024x471.png\" alt=\"\" class=\"wp-image-200\" style=\"aspect-ratio:2.174272334955468;width:257px;height:auto\" srcset=\"https:\/\/pharma95.net\/wp-content\/uploads\/2026\/04\/Capture-decran-2026-04-10-a-19.36.14-1024x471.png 1024w, https:\/\/pharma95.net\/wp-content\/uploads\/2026\/04\/Capture-decran-2026-04-10-a-19.36.14-300x138.png 300w, https:\/\/pharma95.net\/wp-content\/uploads\/2026\/04\/Capture-decran-2026-04-10-a-19.36.14-768x354.png 768w, https:\/\/pharma95.net\/wp-content\/uploads\/2026\/04\/Capture-decran-2026-04-10-a-19.36.14-600x276.png 600w, https:\/\/pharma95.net\/wp-content\/uploads\/2026\/04\/Capture-decran-2026-04-10-a-19.36.14.png 1034w\" sizes=\"auto, (max-width: 1024px) 100vw, 1024px\" \/><\/figure>\n<\/div>\n\n\n\n<div class=\"wp-block-column is-vertically-aligned-center is-layout-flow wp-block-column-is-layout-flow\">\n<figure class=\"wp-block-image aligncenter size-full is-resized\"><img loading=\"lazy\" decoding=\"async\" width=\"616\" height=\"360\" src=\"http:\/\/pharma95.net\/wp-content\/uploads\/2026\/04\/Capture-decran-2026-04-10-a-19.47.01.png\" alt=\"\" class=\"wp-image-205\" style=\"aspect-ratio:1.7111822865896116;width:204px;height:auto\" srcset=\"https:\/\/pharma95.net\/wp-content\/uploads\/2026\/04\/Capture-decran-2026-04-10-a-19.47.01.png 616w, https:\/\/pharma95.net\/wp-content\/uploads\/2026\/04\/Capture-decran-2026-04-10-a-19.47.01-300x175.png 300w, https:\/\/pharma95.net\/wp-content\/uploads\/2026\/04\/Capture-decran-2026-04-10-a-19.47.01-600x351.png 600w\" sizes=\"auto, (max-width: 616px) 100vw, 616px\" \/><\/figure>\n<\/div>\n<\/div>\n\n\n\n<div class=\"wp-block-columns alignwide are-vertically-aligned-center is-layout-flex wp-container-core-columns-is-layout-28f84493 wp-block-columns-is-layout-flex\">\n<div class=\"wp-block-column is-vertically-aligned-center is-layout-flow wp-block-column-is-layout-flow\">\n<figure class=\"wp-block-image aligncenter size-full is-resized\"><img loading=\"lazy\" decoding=\"async\" width=\"199\" height=\"111\" src=\"https:\/\/pharma95.net\/wp-content\/uploads\/2026\/04\/OIP.jpeg\" alt=\"\" class=\"wp-image-249\" style=\"aspect-ratio:1.9851373182552503;width:256px;height:auto\"\/><\/figure>\n<\/div>\n\n\n\n<div class=\"wp-block-column is-vertically-aligned-center is-layout-flow wp-block-column-is-layout-flow\">\n<figure class=\"wp-block-image aligncenter size-full is-resized\"><img loading=\"lazy\" decoding=\"async\" width=\"454\" height=\"113\" src=\"http:\/\/pharma95.net\/wp-content\/uploads\/2026\/04\/OIP-2.jpeg\" alt=\"\" class=\"wp-image-251\" style=\"aspect-ratio:3.7146311970979444;width:271px;height:auto\" srcset=\"https:\/\/pharma95.net\/wp-content\/uploads\/2026\/04\/OIP-2.jpeg 454w, https:\/\/pharma95.net\/wp-content\/uploads\/2026\/04\/OIP-2-300x75.jpeg 300w\" sizes=\"auto, (max-width: 454px) 100vw, 454px\" \/><\/figure>\n<\/div>\n\n\n\n<div class=\"wp-block-column is-vertically-aligned-center is-layout-flow wp-block-column-is-layout-flow\">\n<figure class=\"wp-block-image aligncenter size-full is-resized\"><img loading=\"lazy\" decoding=\"async\" width=\"168\" height=\"89\" src=\"https:\/\/pharma95.net\/wp-content\/uploads\/2026\/04\/Capture-decran-2026-04-12-a-22.07.59.png\" alt=\"\" class=\"wp-image-253\" style=\"aspect-ratio:3.218908891026522;width:219px;height:auto\"\/><\/figure>\n<\/div>\n<\/div>\n","protected":false},"excerpt":{"rendered":"<p>NOS UNIVERS Quotidien B\u00e9b\u00e9 Bien-\u00catre Beaut\u00e9 NOS GAMMES S\u00e9lectionn\u00e9es avec soin pour r\u00e9pondre \u00e0 chacun de vos besoins.<\/p>\n","protected":false},"author":1,"featured_media":0,"parent":0,"menu_order":0,"comment_status":"closed","ping_status":"closed","template":"","meta":{"footnotes":""},"class_list":["post-199","page","type-page","status-publish","hentry"],"_links":{"self":[{"href":"https:\/\/pharma95.net\/index.php\/wp-json\/wp\/v2\/pages\/199","targetHints":{"allow":["GET"]}}],"collection":[{"href":"https:\/\/pharma95.net\/index.php\/wp-json\/wp\/v2\/pages"}],"about":[{"href":"https:\/\/pharma95.net\/index.php\/wp-json\/wp\/v2\/types\/page"}],"author":[{"embeddable":true,"href":"https:\/\/pharma95.net\/index.php\/wp-json\/wp\/v2\/users\/1"}],"replies":[{"embeddable":true,"href":"https:\/\/pharma95.net\/index.php\/wp-json\/wp\/v2\/comments?post=199"}],"version-history":[{"count":12,"href":"https:\/\/pharma95.net\/index.php\/wp-json\/wp\/v2\/pages\/199\/revisions"}],"predecessor-version":[{"id":286,"href":"https:\/\/pharma95.net\/index.php\/wp-json\/wp\/v2\/pages\/199\/revisions\/286"}],"wp:attachment":[{"href":"https:\/\/pharma95.net\/index.php\/wp-json\/wp\/v2\/media?parent=199"}],"curies":[{"name":"wp","href":"https:\/\/api.w.org\/{rel}","templated":true}]}}