{"id":18,"date":"2025-12-27T14:46:44","date_gmt":"2025-12-27T14:46:44","guid":{"rendered":"https:\/\/pharma95.net\/?page_id=18"},"modified":"2026-04-12T20:23:26","modified_gmt":"2026-04-12T20:23:26","slug":"accueil","status":"publish","type":"page","link":"https:\/\/pharma95.net\/","title":{"rendered":"Accueil"},"content":{"rendered":"\n<div class=\"wp-block-cover alignfull\" style=\"min-height:658px;aspect-ratio:unset;\"><img loading=\"lazy\" decoding=\"async\" width=\"2000\" height=\"1200\" class=\"wp-block-cover__image-background wp-image-70 size-full\" alt=\"\" src=\"https:\/\/pharma95.net\/wp-content\/uploads\/2025\/12\/cropped-pharmacie_02-2000x1200-1.jpg\" data-object-fit=\"cover\" srcset=\"https:\/\/pharma95.net\/wp-content\/uploads\/2025\/12\/cropped-pharmacie_02-2000x1200-1.jpg 2000w, https:\/\/pharma95.net\/wp-content\/uploads\/2025\/12\/cropped-pharmacie_02-2000x1200-1-300x180.jpg 300w, https:\/\/pharma95.net\/wp-content\/uploads\/2025\/12\/cropped-pharmacie_02-2000x1200-1-1024x614.jpg 1024w, https:\/\/pharma95.net\/wp-content\/uploads\/2025\/12\/cropped-pharmacie_02-2000x1200-1-768x461.jpg 768w, https:\/\/pharma95.net\/wp-content\/uploads\/2025\/12\/cropped-pharmacie_02-2000x1200-1-1536x922.jpg 1536w, https:\/\/pharma95.net\/wp-content\/uploads\/2025\/12\/cropped-pharmacie_02-2000x1200-1-600x360.jpg 600w\" sizes=\"auto, (max-width: 2000px) 100vw, 2000px\" \/><span aria-hidden=\"true\" class=\"wp-block-cover__background has-black-background-color has-background-dim-10 has-background-dim\"><\/span><div class=\"wp-block-cover__inner-container has-global-padding is-layout-constrained wp-block-cover-is-layout-constrained\">\n<div style=\"height:70px\" aria-hidden=\"true\" class=\"wp-block-spacer\"><\/div>\n\n\n\n<h1 class=\"wp-block-heading has-text-align-center has-text-color\" style=\"color:#ffffff;margin-top:0px;margin-bottom:32px;font-size:clamp(31.609px, 1.976rem + ((1vw - 3.2px) * 2.772), 56px);font-style:normal;font-weight:400;line-height:0.8\">Pharmacie Art de Vivre<\/h1>\n\n\n\n<div class=\"wp-block-buttons is-content-justification-center is-layout-flex wp-container-core-buttons-is-layout-a89b3969 wp-block-buttons-is-layout-flex\">\n<div class=\"wp-block-button\"><a class=\"wp-block-button__link has-text-color has-background has-custom-font-size wp-element-button\" href=\"https:\/\/pharma95.net\/index.php\/contacts\/\" style=\"border-width:1px;color:#f2eded;background-color:#033739;padding-top:17px;padding-right:40px;padding-bottom:17px;padding-left:40px;font-size:14px;line-height:1\">Nos Horaires<\/a><\/div>\n<\/div>\n<\/div><\/div>\n\n\n\n<section class=\"wp-block-group alignfull has-text-color has-background has-global-padding is-layout-constrained wp-container-core-group-is-layout-5e70687f wp-block-group-is-layout-constrained\" style=\"color:#212121;background-color:#f5f8f5;margin-top:0rem;padding-right:1rem;padding-left:1rem;font-size:clamp(0.875rem, 0.875rem + ((1vw - 0.2rem) * 0.464), 1.13rem);font-style:normal;font-weight:400;line-height:1.5\">\n<div class=\"wp-block-group has-global-padding is-layout-constrained wp-container-core-group-is-layout-e045accc wp-block-group-is-layout-constrained\" style=\"padding-top:80px;padding-right:0rem;padding-bottom:80px;padding-left:0rem\">\n<div class=\"wp-block-columns is-not-stacked-on-mobile is-layout-flex wp-container-core-columns-is-layout-713970fd wp-block-columns-is-layout-flex\">\n<div class=\"wp-block-column has-global-padding is-layout-constrained wp-container-core-column-is-layout-579fee1f wp-block-column-is-layout-constrained\" style=\"border-right-color:#768667;border-right-width:1px;padding-right:1rem;padding-left:1rem\">\n<h2 class=\"wp-block-heading has-text-align-center has-text-color\" style=\"color:#536942;margin-top:0px;margin-right:0px;margin-bottom:16px;margin-left:0px;font-size:clamp(24.034px, 1.502rem + ((1vw - 3.2px) * 1.814), 40px);font-style:normal;font-weight:400;line-height:1.2\">1.<\/h2>\n\n\n\n<p class=\"has-text-align-center has-text-color\" style=\"color:#768667;margin-bottom:0rem;font-size:clamp(14px, 0.875rem + ((1vw - 3.2px) * 0.227), 16px);\">Une \u00e9quipe souriante et \u00e0 l&rsquo;\u00e9coute<\/p>\n<\/div>\n\n\n\n<div class=\"wp-block-column has-global-padding is-layout-constrained wp-container-core-column-is-layout-579fee1f wp-block-column-is-layout-constrained\" style=\"border-right-color:#768667;border-right-width:1px;padding-right:1rem;padding-left:1rem\">\n<h2 class=\"wp-block-heading has-text-align-center has-text-color\" style=\"color:#536942;margin-top:0px;margin-right:0px;margin-bottom:16px;margin-left:0px;font-size:clamp(24.034px, 1.502rem + ((1vw - 3.2px) * 1.814), 40px);font-style:normal;font-weight:400;line-height:1.2\">2.<\/h2>\n\n\n\n<p class=\"has-text-align-center has-text-color\" style=\"color:#768667;font-size:clamp(14px, 0.875rem + ((1vw - 3.2px) * 0.227), 16px);\">Un accompagnement personnalis\u00e9<\/p>\n<\/div>\n\n\n\n<div class=\"wp-block-column has-global-padding is-layout-constrained wp-container-core-column-is-layout-579fee1f wp-block-column-is-layout-constrained\" style=\"padding-right:1rem;padding-left:1rem\">\n<h2 class=\"wp-block-heading has-text-align-center has-text-color\" style=\"color:#536942;margin-top:0px;margin-right:0px;margin-bottom:16px;margin-left:0px;font-size:clamp(24.034px, 1.502rem + ((1vw - 3.2px) * 1.814), 40px);font-style:normal;font-weight:400;line-height:1.2\">3.<\/h2>\n\n\n\n<p class=\"has-text-align-center has-text-color\" style=\"color:#768667;font-size:clamp(14px, 0.875rem + ((1vw - 3.2px) * 0.227), 16px);\">Une large gamme de produits adapt\u00e9e \u00e0 vos besoins<\/p>\n<\/div>\n<\/div>\n<\/div>\n<\/section>\n\n\n\n<div class=\"wp-block-cover alignfull is-light has-custom-color-2-color has-text-color\" style=\"margin-top:0px;margin-bottom:0px;padding-top:100px;padding-right:20px;padding-bottom:100px;padding-left:20px\"><span aria-hidden=\"true\" class=\"wp-block-cover__background has-custom-color-1-background-color has-background-dim-0 has-background-dim\"><\/span><div class=\"wp-block-cover__inner-container has-global-padding is-layout-constrained wp-container-core-cover-is-layout-47630ab8 wp-block-cover-is-layout-constrained\">\n<h2 class=\"wp-block-heading has-text-align-center has-text-color\" style=\"color:#536942;margin-top:0px;margin-right:0px;margin-bottom:16px;margin-left:0px;font-size:clamp(24.034px, 1.502rem + ((1vw - 3.2px) * 1.814), 40px);font-style:normal;font-weight:400;line-height:1.2\">Nos Services<\/h2>\n\n\n\n<hr class=\"wp-block-separator has-text-color has-alpha-channel-opacity has-background\" style=\"margin-top:0px;margin-bottom:50px;background-color:#ffd835;color:#ffd835\"\/>\n\n\n\n<div class=\"wp-block-columns is-layout-flex wp-container-core-columns-is-layout-13e94aa7 wp-block-columns-is-layout-flex\">\n<div class=\"wp-block-column is-layout-flow wp-container-core-column-is-layout-fe0e2ea3 wp-block-column-is-layout-flow\">\n<figure class=\"wp-block-image size-full\"><img loading=\"lazy\" decoding=\"async\" width=\"2560\" height=\"1707\" src=\"https:\/\/pharma95.net\/wp-content\/uploads\/2025\/12\/cdc-sMcFczL05fk-unsplash-scaled.jpg\" alt=\"\" class=\"wp-image-160\" srcset=\"https:\/\/pharma95.net\/wp-content\/uploads\/2025\/12\/cdc-sMcFczL05fk-unsplash-scaled.jpg 2560w, https:\/\/pharma95.net\/wp-content\/uploads\/2025\/12\/cdc-sMcFczL05fk-unsplash-300x200.jpg 300w, https:\/\/pharma95.net\/wp-content\/uploads\/2025\/12\/cdc-sMcFczL05fk-unsplash-1024x683.jpg 1024w, https:\/\/pharma95.net\/wp-content\/uploads\/2025\/12\/cdc-sMcFczL05fk-unsplash-768x512.jpg 768w, https:\/\/pharma95.net\/wp-content\/uploads\/2025\/12\/cdc-sMcFczL05fk-unsplash-1536x1024.jpg 1536w, https:\/\/pharma95.net\/wp-content\/uploads\/2025\/12\/cdc-sMcFczL05fk-unsplash-2048x1365.jpg 2048w, https:\/\/pharma95.net\/wp-content\/uploads\/2025\/12\/cdc-sMcFczL05fk-unsplash-600x400.jpg 600w\" sizes=\"auto, (max-width: 2560px) 100vw, 2560px\" \/><\/figure>\n\n\n\n<h4 class=\"wp-block-heading has-text-color\" style=\"color:#536942;margin-top:1.75rem;font-size:clamp(14.642px, 0.915rem + ((1vw - 3.2px) * 0.836), 22px);font-style:normal;font-weight:400\">Pr\u00e9vention<\/h4>\n\n\n\n<p class=\"has-text-color\" style=\"color:#768667;margin-bottom:0rem;font-size:clamp(14px, 0.875rem + ((1vw - 3.2px) * 0.227), 16px);\">Notre \u00e9quipe est form\u00e9e \u00e0 la <strong>prescription et l\u2019administration de tous les vaccins<\/strong> du calendrier vaccinal chez l&rsquo;adulte et l&rsquo;enfant \u00e0 partir de 11 ans. Nous proposons \u00e9galement des <strong><a href=\"https:\/\/sante.gouv.fr\/prevention-en-sante\/preserver-sa-sante\/mon-bilan-prevention-les-rendez-vous-sante-aux-ages-cles-de-la-vie\/espace-professionnels\/article\/mon-bilan-prevention-pour-les-professionnels-de-sante\">bilans de pr\u00e9vention<\/a><\/strong> pour une prise en charge personnalis\u00e9e.<\/p>\n<\/div>\n\n\n\n<div class=\"wp-block-column is-layout-flow wp-container-core-column-is-layout-fe0e2ea3 wp-block-column-is-layout-flow\">\n<figure class=\"wp-block-image size-full\"><img loading=\"lazy\" decoding=\"async\" width=\"1920\" height=\"1280\" src=\"https:\/\/pharma95.net\/wp-content\/uploads\/2025\/12\/swab.jpg\" alt=\"\" class=\"wp-image-165\" srcset=\"https:\/\/pharma95.net\/wp-content\/uploads\/2025\/12\/swab.jpg 1920w, https:\/\/pharma95.net\/wp-content\/uploads\/2025\/12\/swab-300x200.jpg 300w, https:\/\/pharma95.net\/wp-content\/uploads\/2025\/12\/swab-1024x683.jpg 1024w, https:\/\/pharma95.net\/wp-content\/uploads\/2025\/12\/swab-768x512.jpg 768w, https:\/\/pharma95.net\/wp-content\/uploads\/2025\/12\/swab-1536x1024.jpg 1536w, https:\/\/pharma95.net\/wp-content\/uploads\/2025\/12\/swab-600x400.jpg 600w\" sizes=\"auto, (max-width: 1920px) 100vw, 1920px\" \/><\/figure>\n\n\n\n<h4 class=\"wp-block-heading has-text-color\" style=\"color:#536942;margin-top:1.75rem;font-size:clamp(14.642px, 0.915rem + ((1vw - 3.2px) * 0.836), 22px);font-style:normal;font-weight:400\">Diagnostics rapides (TROD)<\/h4>\n\n\n\n<p class=\"has-text-color\" style=\"color:#768667;font-size:clamp(14px, 0.875rem + ((1vw - 3.2px) * 0.227), 16px);\">Des <strong>TROD angines et cystites<\/strong> sont r\u00e9alis\u00e9s par notre \u00e9quipe afin de permettre un diagnostic rapide et une orientation adapt\u00e9e.<\/p>\n<\/div>\n\n\n\n<div class=\"wp-block-column is-layout-flow wp-container-core-column-is-layout-da1d6529 wp-block-column-is-layout-flow\">\n<figure class=\"wp-block-image size-full\"><img loading=\"lazy\" decoding=\"async\" width=\"2560\" height=\"1707\" src=\"https:\/\/pharma95.net\/wp-content\/uploads\/2025\/12\/photo-1706777163227-0f0eade9e932-scaled.jpeg\" alt=\"\" class=\"wp-image-169\" srcset=\"https:\/\/pharma95.net\/wp-content\/uploads\/2025\/12\/photo-1706777163227-0f0eade9e932-scaled.jpeg 2560w, https:\/\/pharma95.net\/wp-content\/uploads\/2025\/12\/photo-1706777163227-0f0eade9e932-300x200.jpeg 300w, https:\/\/pharma95.net\/wp-content\/uploads\/2025\/12\/photo-1706777163227-0f0eade9e932-1024x683.jpeg 1024w, https:\/\/pharma95.net\/wp-content\/uploads\/2025\/12\/photo-1706777163227-0f0eade9e932-768x512.jpeg 768w, https:\/\/pharma95.net\/wp-content\/uploads\/2025\/12\/photo-1706777163227-0f0eade9e932-1536x1024.jpeg 1536w, https:\/\/pharma95.net\/wp-content\/uploads\/2025\/12\/photo-1706777163227-0f0eade9e932-2048x1365.jpeg 2048w, https:\/\/pharma95.net\/wp-content\/uploads\/2025\/12\/photo-1706777163227-0f0eade9e932-600x400.jpeg 600w\" sizes=\"auto, (max-width: 2560px) 100vw, 2560px\" \/><\/figure>\n\n\n\n<h4 class=\"wp-block-heading has-text-color\" style=\"color:#536942;margin-top:1.75rem;font-size:clamp(14.642px, 0.915rem + ((1vw - 3.2px) * 0.836), 22px);font-style:normal;font-weight:400\">Appareillage &amp; Dispositifs<\/h4>\n\n\n\n<p class=\"has-text-color\" style=\"color:#768667;font-size:clamp(14px, 0.875rem + ((1vw - 3.2px) * 0.227), 16px);\">Nous proposons la <strong>location de dispositifs m\u00e9dicaux<\/strong> (tire-lait, a\u00e9rosol, p\u00e8se-b\u00e9b\u00e9&#8230;), la r\u00e9alisation d\u2019<strong>orth\u00e8ses thermoform\u00e9es<\/strong> et de <strong>semelles orthop\u00e9diques<\/strong>, adapt\u00e9es aux besoins de chaque patient<\/p>\n<\/div>\n<\/div>\n<\/div><\/div>\n\n\n\n<div class=\"wp-block-group alignfull has-background has-global-padding is-layout-constrained wp-container-core-group-is-layout-6d8556d3 wp-block-group-is-layout-constrained\" style=\"background-color:#f5f8f5;margin-top:0px;margin-bottom:0px;padding-top:100px;padding-right:20px;padding-bottom:100px;padding-left:20px\">\n<div class=\"wp-block-columns alignwide is-layout-flex wp-container-core-columns-is-layout-8e3aed5f wp-block-columns-is-layout-flex\" style=\"border-style:none;border-width:0px;margin-top:0px;margin-bottom:0px;padding-top:0px;padding-right:30px;padding-bottom:0px;padding-left:30px\">\n<div class=\"wp-block-column is-vertically-aligned-center is-layout-flow wp-container-core-column-is-layout-abe5317a wp-block-column-is-layout-flow\" style=\"padding-top:0px;padding-right:0px;padding-bottom:40px;padding-left:0px\">\n<h6 class=\"wp-block-heading has-text-color\" style=\"color:#a4b09a;margin-bottom:12px;font-size:12px\">Nos Valeurs<\/h6>\n\n\n\n<h2 class=\"wp-block-heading has-text-color has-inter-font-family\" style=\"color:#536942;margin-top:0;margin-bottom:36px;font-size:clamp(24.034px, 1.502rem + ((1vw - 3.2px) * 1.814), 40px);font-style:normal;font-weight:400\">Engagement envers votre sant\u00e9 et votre bien-\u00eatre, chaque jour.<\/h2>\n\n\n\n<p class=\"has-text-color\" style=\"color:#768667;margin-bottom:2.75rem;font-size:clamp(14px, 0.875rem + ((1vw - 3.2px) * 0.227), 16px);\">\u00c0 la Pharmacie Art de Vivre, nous croyons que chaque patient m\u00e9rite des soins personnalis\u00e9s. Notre \u00e9quipe d\u00e9vou\u00e9e place votre sant\u00e9 et votre bien-\u00eatre au c\u0153ur de ses actions. Nous nous engageons \u00e0 vous offrir des produits de qualit\u00e9 et des conseils adapt\u00e9s \u00e0 vos besoins.<\/p>\n\n\n\n<div class=\"wp-block-buttons is-content-justification-left is-layout-flex wp-container-core-buttons-is-layout-fc4fd283 wp-block-buttons-is-layout-flex\">\n<div class=\"wp-block-button is-style-outline is-style-outline--1\"><a class=\"wp-block-button__link has-text-color has-background has-border-color has-custom-font-size wp-element-button\" href=\"https:\/\/pharma95.net\/index.php\/univers-gammes\/\" style=\"border-color:#768667;border-width:1px;border-radius:7px;color:#536942;background-color:#ffffff00;padding-top:17px;padding-right:40px;padding-bottom:17px;padding-left:40px;font-size:clamp(14px, 0.875rem + ((1vw - 3.2px) * 0.114), 15px);line-height:1\">Nos Univers &amp; Gammes<\/a><\/div>\n<\/div>\n<\/div>\n\n\n\n<div class=\"wp-block-column is-layout-flow wp-block-column-is-layout-flow\" style=\"flex-basis:40%\">\n<figure class=\"wp-block-image size-large\"><img loading=\"lazy\" decoding=\"async\" width=\"635\" height=\"1024\" src=\"https:\/\/pharma95.net\/wp-content\/uploads\/2025\/12\/essential-oil-5982237_1280-635x1024.jpg\" alt=\"\" class=\"wp-image-51\" srcset=\"https:\/\/pharma95.net\/wp-content\/uploads\/2025\/12\/essential-oil-5982237_1280-635x1024.jpg 635w, https:\/\/pharma95.net\/wp-content\/uploads\/2025\/12\/essential-oil-5982237_1280-186x300.jpg 186w, https:\/\/pharma95.net\/wp-content\/uploads\/2025\/12\/essential-oil-5982237_1280-768x1238.jpg 768w, https:\/\/pharma95.net\/wp-content\/uploads\/2025\/12\/essential-oil-5982237_1280-600x967.jpg 600w, https:\/\/pharma95.net\/wp-content\/uploads\/2025\/12\/essential-oil-5982237_1280.jpg 794w\" sizes=\"auto, (max-width: 635px) 100vw, 635px\" \/><\/figure>\n<\/div>\n<\/div>\n<\/div>\n\n\n\n<p><\/p>\n","protected":false},"excerpt":{"rendered":"<p>1. Une \u00e9quipe souriante et \u00e0 l&rsquo;\u00e9coute 2. Un accompagnement personnalis\u00e9 3. Une large gamme de produits adapt\u00e9e \u00e0 vos besoins Nos Valeurs Engagement envers votre sant\u00e9 et votre bien-\u00eatre, chaque jour. \u00c0 la Pharmacie Art de Vivre, nous croyons que chaque patient m\u00e9rite des soins personnalis\u00e9s. Notre \u00e9quipe d\u00e9vou\u00e9e place votre sant\u00e9 et votre [&hellip;]<\/p>\n","protected":false},"author":1,"featured_media":0,"parent":0,"menu_order":0,"comment_status":"closed","ping_status":"closed","template":"","meta":{"footnotes":""},"class_list":["post-18","page","type-page","status-publish","hentry"],"_links":{"self":[{"href":"https:\/\/pharma95.net\/index.php\/wp-json\/wp\/v2\/pages\/18","targetHints":{"allow":["GET"]}}],"collection":[{"href":"https:\/\/pharma95.net\/index.php\/wp-json\/wp\/v2\/pages"}],"about":[{"href":"https:\/\/pharma95.net\/index.php\/wp-json\/wp\/v2\/types\/page"}],"author":[{"embeddable":true,"href":"https:\/\/pharma95.net\/index.php\/wp-json\/wp\/v2\/users\/1"}],"replies":[{"embeddable":true,"href":"https:\/\/pharma95.net\/index.php\/wp-json\/wp\/v2\/comments?post=18"}],"version-history":[{"count":35,"href":"https:\/\/pharma95.net\/index.php\/wp-json\/wp\/v2\/pages\/18\/revisions"}],"predecessor-version":[{"id":257,"href":"https:\/\/pharma95.net\/index.php\/wp-json\/wp\/v2\/pages\/18\/revisions\/257"}],"wp:attachment":[{"href":"https:\/\/pharma95.net\/index.php\/wp-json\/wp\/v2\/media?parent=18"}],"curies":[{"name":"wp","href":"https:\/\/api.w.org\/{rel}","templated":true}]}}